{"id":8,"date":"2022-04-10T14:24:40","date_gmt":"2022-04-10T12:24:40","guid":{"rendered":"https:\/\/rechtsanwaeltin-hommel.de\/?page_id=8"},"modified":"2022-04-10T17:07:00","modified_gmt":"2022-04-10T15:07:00","slug":"impressum","status":"publish","type":"page","link":"https:\/\/rechtsanwaeltin-hommel.de\/?page_id=8","title":{"rendered":"Impressum"},"content":{"rendered":"\t\t<div data-elementor-type=\"wp-page\" data-elementor-id=\"8\" class=\"elementor elementor-8\">\n\t\t\t\t\t\t\t\t\t<section class=\"elementor-section elementor-top-section elementor-element elementor-element-5cf0032 elementor-section-boxed elementor-section-height-default elementor-section-height-default\" data-id=\"5cf0032\" data-element_type=\"section\">\n\t\t\t\t\t\t<div class=\"elementor-container elementor-column-gap-default\">\n\t\t\t\t\t<div class=\"elementor-column elementor-col-100 elementor-top-column elementor-element elementor-element-f6a21d3\" data-id=\"f6a21d3\" data-element_type=\"column\">\n\t\t\t<div class=\"elementor-widget-wrap elementor-element-populated\">\n\t\t\t\t\t\t\t\t<div class=\"elementor-element elementor-element-4f29c0f elementor-widget elementor-widget-spacer\" data-id=\"4f29c0f\" data-element_type=\"widget\" data-widget_type=\"spacer.default\">\n\t\t\t\t<div class=\"elementor-widget-container\">\n\t\t\t<style>\/*! elementor - v3.6.5 - 27-04-2022 *\/\n.e-container.e-container--row .elementor-spacer-inner{width:var(--spacer-size)}.e-container.e-container--column .elementor-spacer-inner,.elementor-column .elementor-spacer-inner{height:var(--spacer-size)}<\/style>\t\t<div class=\"elementor-spacer\">\n\t\t\t<div class=\"elementor-spacer-inner\"><\/div>\n\t\t<\/div>\n\t\t\t\t<\/div>\n\t\t\t\t<\/div>\n\t\t\t\t\t<\/div>\n\t\t<\/div>\n\t\t\t\t\t\t\t<\/div>\n\t\t<\/section>\n\t\t\t\t<section class=\"elementor-section elementor-top-section elementor-element elementor-element-9893413 elementor-section-boxed elementor-section-height-default elementor-section-height-default\" data-id=\"9893413\" data-element_type=\"section\">\n\t\t\t\t\t\t<div class=\"elementor-container elementor-column-gap-default\">\n\t\t\t\t\t<div class=\"elementor-column elementor-col-100 elementor-top-column elementor-element elementor-element-5f25070\" data-id=\"5f25070\" data-element_type=\"column\">\n\t\t\t<div class=\"elementor-widget-wrap elementor-element-populated\">\n\t\t\t\t\t\t\t\t<div class=\"elementor-element elementor-element-69716f1 elementor-widget elementor-widget-text-editor\" data-id=\"69716f1\" data-element_type=\"widget\" data-widget_type=\"text-editor.default\">\n\t\t\t\t<div class=\"elementor-widget-container\">\n\t\t\t<style>\/*! elementor - v3.6.5 - 27-04-2022 *\/\n.elementor-widget-text-editor.elementor-drop-cap-view-stacked .elementor-drop-cap{background-color:#818a91;color:#fff}.elementor-widget-text-editor.elementor-drop-cap-view-framed .elementor-drop-cap{color:#818a91;border:3px solid;background-color:transparent}.elementor-widget-text-editor:not(.elementor-drop-cap-view-default) .elementor-drop-cap{margin-top:8px}.elementor-widget-text-editor:not(.elementor-drop-cap-view-default) .elementor-drop-cap-letter{width:1em;height:1em}.elementor-widget-text-editor .elementor-drop-cap{float:left;text-align:center;line-height:1;font-size:50px}.elementor-widget-text-editor .elementor-drop-cap-letter{display:inline-block}<\/style>\t\t\t\t<p>IMPRESSUM<\/p>\t\t\t\t\t\t<\/div>\n\t\t\t\t<\/div>\n\t\t\t\t\t<\/div>\n\t\t<\/div>\n\t\t\t\t\t\t\t<\/div>\n\t\t<\/section>\n\t\t\t\t<section class=\"elementor-section elementor-top-section elementor-element elementor-element-e4d6c92 elementor-section-boxed elementor-section-height-default elementor-section-height-default\" data-id=\"e4d6c92\" data-element_type=\"section\">\n\t\t\t\t\t\t<div class=\"elementor-container elementor-column-gap-default\">\n\t\t\t\t\t<div class=\"elementor-column elementor-col-100 elementor-top-column elementor-element elementor-element-71d3a52\" data-id=\"71d3a52\" data-element_type=\"column\">\n\t\t\t<div class=\"elementor-widget-wrap elementor-element-populated\">\n\t\t\t\t\t\t\t\t<div class=\"elementor-element elementor-element-f8c6f54 elementor-widget elementor-widget-text-editor\" data-id=\"f8c6f54\" data-element_type=\"widget\" data-widget_type=\"text-editor.default\">\n\t\t\t\t<div class=\"elementor-widget-container\">\n\t\t\t\t\t\t\t<p><strong>Verantwortlich f\u00fcr den Inhalt dieser Website ist:<\/strong><br \/>Rechtsanw\u00e4ltin Simone Hommel<br \/>Schlesienstr. 8<br \/>65824 Schwalbach<br \/>Tel.: 06196\/9514964<br \/>Fax.: 06196\/9514965<br \/>kanzlei@rechtsanwaeltin-hommel.de<\/p><p>Frau Simone Hommel ist als Rechtsanw\u00e4ltin in der Bundesrepublik Deutschland zugelassen und Mitglied der Rechtsanwaltskammer Frankfurt am Main.<\/p><p><strong>Zust\u00e4ndige Aufsichtsbeh\u00f6rde:<br \/><\/strong> Rechtsanwaltskammer Frankfurt am Main, Bockenheimer Anlage 36 <br \/>60322 Frankfurt <br \/>Tel.: 069\/ 17009801 <br \/>Fax.: 069\/ 17009851<br \/>www.rak-ffm.de.<\/p><p><strong>Umsatzsteueridentifikationsnummer:<\/strong> <br \/>88 260 739 144<\/p><p><strong>Berufshaftpflichtversicherung:<\/strong> Allianz Versicherungs AG, 10900 Berlin<\/p><p><strong>Geltungsraum der Versicherung:<\/strong> gesamtes EU-Gebiet und den Staaten des Abkommens \u00fcber den Europ\u00e4ischen Wirtschaftsraum<\/p><p><strong>Berufsrechtliche Regelungen: <br \/><\/strong>&#8211; Bundesrechtsanwaltsordnung (BRAO)<br \/>&#8211; Berufsordnung der Rechtsanw\u00e4lte (BORA)<br \/>&#8211; Rechtsanwaltsverg\u00fctungsgesetz (RVG)<br \/>&#8211; Berufsregelungen der Rechtsanw\u00e4lte der Europ\u00e4ischen Union<br \/><br \/>Die entsprechenden Vorschriften sind auf der Homepage der Bundesrechtsanwaltskammer unter www.brak.de zu finden.<\/p><p>Ihre pers\u00f6nlichen Daten werden ggfls. gespeichert. Mit der Nutzung dieser Website stimmen Sie der Speicherung und Nutzung Ihrer Daten zu.<\/p><p>Ersteller der Website: J\u00fcrgen Bernhardt, Layout: Petra Leupacher<\/p><p>\u00a0<\/p>\t\t\t\t\t\t<\/div>\n\t\t\t\t<\/div>\n\t\t\t\t\t<\/div>\n\t\t<\/div>\n\t\t\t\t\t\t\t<\/div>\n\t\t<\/section>\n\t\t\t\t\t\t\t<\/div>\n\t\t","protected":false},"excerpt":{"rendered":"<p>IMPRESSUM Verantwortlich f\u00fcr den Inhalt dieser Website ist:Rechtsanw\u00e4ltin Simone HommelSchlesienstr. 865824 SchwalbachTel.: 06196\/9514964Fax.: 06196\/9514965kanzlei@rechtsanwaeltin-hommel.de Frau Simone Hommel ist als Rechtsanw\u00e4ltin in der Bundesrepublik Deutschland zugelassen und Mitglied der Rechtsanwaltskammer Frankfurt am Main. Zust\u00e4ndige Aufsichtsbeh\u00f6rde: Rechtsanwaltskammer Frankfurt am Main, Bockenheimer Anlage 36 60322 Frankfurt Tel.: 069\/ 17009801 Fax.: 069\/ 17009851www.rak-ffm.de. Umsatzsteueridentifikationsnummer: 88 260 739 144 Berufshaftpflichtversicherung: [&hellip;]<\/p>\n","protected":false},"author":1,"featured_media":0,"parent":0,"menu_order":0,"comment_status":"closed","ping_status":"closed","template":"","meta":{"footnotes":""},"class_list":["post-8","page","type-page","status-publish","hentry"],"_links":{"self":[{"href":"https:\/\/rechtsanwaeltin-hommel.de\/index.php?rest_route=\/wp\/v2\/pages\/8","targetHints":{"allow":["GET"]}}],"collection":[{"href":"https:\/\/rechtsanwaeltin-hommel.de\/index.php?rest_route=\/wp\/v2\/pages"}],"about":[{"href":"https:\/\/rechtsanwaeltin-hommel.de\/index.php?rest_route=\/wp\/v2\/types\/page"}],"author":[{"embeddable":true,"href":"https:\/\/rechtsanwaeltin-hommel.de\/index.php?rest_route=\/wp\/v2\/users\/1"}],"replies":[{"embeddable":true,"href":"https:\/\/rechtsanwaeltin-hommel.de\/index.php?rest_route=%2Fwp%2Fv2%2Fcomments&post=8"}],"version-history":[{"count":16,"href":"https:\/\/rechtsanwaeltin-hommel.de\/index.php?rest_route=\/wp\/v2\/pages\/8\/revisions"}],"predecessor-version":[{"id":117,"href":"https:\/\/rechtsanwaeltin-hommel.de\/index.php?rest_route=\/wp\/v2\/pages\/8\/revisions\/117"}],"wp:attachment":[{"href":"https:\/\/rechtsanwaeltin-hommel.de\/index.php?rest_route=%2Fwp%2Fv2%2Fmedia&parent=8"}],"curies":[{"name":"wp","href":"https:\/\/api.w.org\/{rel}","templated":true}]}}